{"id":6,"date":"2015-11-25T12:15:46","date_gmt":"2015-11-25T12:15:46","guid":{"rendered":"http:\/\/demos.artbees.net\/jupiter5\/transportation\/?page_id=6"},"modified":"2021-02-02T15:20:21","modified_gmt":"2021-02-02T15:20:21","slug":"home","status":"publish","type":"page","link":"https:\/\/www.autopartesteca.com.ar\/","title":{"rendered":"Home"},"content":{"rendered":"[vc_row css=\u00bb.vc_custom_1598569005094{padding-top: 140px !important;padding-bottom: 100px !important;padding-left: 5px !important;background-image: url(https:\/\/www.autopartesteca.com.ar\/wp-content\/uploads\/2020\/08\/1-portadas-1-1-scaled.jpg?id=397) !important;background-position: center !important;background-repeat: no-repeat !important;background-size: cover !important;}\u00bb][vc_column css=\u00bb.vc_custom_1448457042673{padding-right: 0px !important;padding-left: 0px !important;}\u00bb][mk_title_box color=\u00bb#ffffff\u00bb highlight_color=\u00bb#ffffff\u00bb highlight_opacity=\u00bb1&#8243; size=\u00bb60&#8243; letter_spacing=\u00bb2&#8243; font_family=\u00bbnone\u00bb]\n<h2 style=\"text-align: center; color: #ffffff;\">Soluciones pl\u00e1sticas integrales<\/h2>\n[\/mk_title_box][\/vc_column][\/vc_row][vc_row][vc_column][mk_padding_divider size=\u00bb25&#8243;][\/vc_column][\/vc_row][vc_row css=\u00bb.vc_custom_1448461225155{padding-right: 0px !important;padding-left: 0px !important;}\u00bb][vc_column width=\u00bb1\/3&#8243;][mk_custom_box padding_vertical=\u00bb23&#8243; padding_horizental=\u00bb23&#8243; margin_bottom=\u00bb0&#8243; bg_color=\u00bb#f6f5f6&#8243;][mk_fancy_title color=\u00bb#433d60&#8243; size=\u00bb31&#8243; font_weight=\u00bb300&#8243; letter_spacing=\u00bb1&#8243; margin_bottom=\u00bb0&#8243; font_family=\u00bbnone\u00bb align=\u00bbright\u00bb]SOBRE NOSOTROS[\/mk_fancy_title][mk_divider style=\u00bbthin_solid\u00bb divider_width=\u00bbcustom_width\u00bb custom_width=\u00bb34&#8243; align=\u00bbright\u00bb thin_single_color=\u00bb#fda600&#8243; thickness=\u00bb4&#8243; margin_top=\u00bb0&#8243;][vc_column_text align=\u00bbright\u00bb css=\u00bb.vc_custom_1599143580000{margin-bottom: 0px !important;}\u00bb]Fabricantes de la ciudad de Rosario,Santa Fe, con 25 a\u00f1os de trayectoria en el mercado interno, en los rubros automotor y agroindustrial<br \/>\nSomos un grupo humano dedicado a brindar la mejor atenci\u00f3n y el mejor servicio. Contamos con maquinarias de \u00faltima generaci\u00f3n, que optimizan los procesos de elaboraci\u00f3n[\/vc_column_text][mk_button dimension=\u00bbflat\u00bb url=\u00bbhttps:\/\/www.autopartesteca.com.ar\/wp-content\/uploads\/2020\/08\/catalogo.zip\u00bb align=\u00bbright\u00bb margin_top=\u00bb10&#8243; margin_bottom=\u00bb0&#8243; bg_color=\u00bb#433d60&#8243; btn_hover_bg=\u00bb#fda600&#8243; btn_hover_txt_color=\u00bb#ffffff\u00bb]CAT\u00c1LOGO[\/mk_button][\/mk_custom_box][\/vc_column][vc_column width=\u00bb1\/3&#8243;][mk_padding_divider size=\u00bb60&#8243; visibility=\u00bbvisible-sm\u00bb][mk_image src=\u00bbhttps:\/\/www.autopartesteca.com.ar\/wp-content\/uploads\/2020\/09\/dt.common.streams.streamserver.jpg\u00bb image_size=\u00bbfull\u00bb link=\u00bb#\u00bb align=\u00bbcenter\u00bb crop=\u00bbfalse\u00bb][mk_fancy_title color=\u00bb#433d60&#8243; size=\u00bb21&#8243; font_weight=\u00bbbold\u00bb margin_top=\u00bb13&#8243; margin_bottom=\u00bb0&#8243; font_family=\u00bbnone\u00bb]AUTOMOTRIZ[\/mk_fancy_title][vc_column_text css=\u00bb.vc_custom_1597416267666{margin-bottom: 0px !important;}\u00bb]<span style=\"font-size: 13px; color: #939393;\">Desarrollamos productos para la divisi\u00f3n Automotriz desde tapas y rotores como tambi\u00e9n, toda la linea de servicio pesado que incluye enchufes, corta corrientes, acoples de aire, llave de pre calentamiento.<\/span>[\/vc_column_text][\/vc_column][vc_column width=\u00bb1\/3&#8243;][mk_padding_divider size=\u00bb60&#8243; visibility=\u00bbvisible-sm\u00bb][mk_image src=\u00bbhttps:\/\/www.autopartesteca.com.ar\/wp-content\/uploads\/2020\/08\/5f369fd38c3b0.jpg\u00bb image_size=\u00bbfull\u00bb link=\u00bb#\u00bb align=\u00bbcenter\u00bb crop=\u00bbfalse\u00bb][mk_fancy_title color=\u00bb#433d60&#8243; size=\u00bb21&#8243; font_weight=\u00bbbold\u00bb margin_top=\u00bb13&#8243; margin_bottom=\u00bb0&#8243; font_family=\u00bbnone\u00bb]AGROINDUSTRIA[\/mk_fancy_title][vc_column_text css=\u00bb.vc_custom_1597416585866{margin-bottom: 0px !important;}\u00bb]<span style=\"font-size: 13px; color: #939393;\">Estos \u00faltimos a\u00f1os, ingresamos a la divisi\u00f3n Agro industria con productos \u00fanicos en el mercado nacional. Palas, Rastrillos y Remos pl\u00e1sticos se sumaron a la comercializaci\u00f3n de los Cangilones que producimos y distribuimos desde hace tiempo en la region.<\/span>[\/vc_column_text][\/vc_column][\/vc_row][vc_row][vc_column][mk_padding_divider size=\u00bb60&#8243;][\/vc_column][\/vc_row][vc_row css=\u00bb.vc_custom_1598570190492{background-image: url(https:\/\/www.autopartesteca.com.ar\/wp-content\/uploads\/2020\/08\/5.jpg?id=405) !important;background-position: center !important;background-repeat: no-repeat !important;background-size: cover !important;}\u00bb][vc_column][mk_padding_divider size=\u00bb73&#8243;][mk_fancy_title color=\u00bb#433d60&#8243; size=\u00bb31&#8243; font_weight=\u00bb300&#8243; letter_spacing=\u00bb2&#8243; margin_bottom=\u00bb0&#8243; font_family=\u00bbnone\u00bb align=\u00bbcenter\u00bb animation=\u00bbbottom-to-top\u00bb]Conocenos[\/mk_fancy_title][mk_divider style=\u00bbthin_solid\u00bb divider_width=\u00bbcustom_width\u00bb custom_width=\u00bb34&#8243; thin_single_color=\u00bb#fda600&#8243; thickness=\u00bb4&#8243; margin_top=\u00bb0&#8243; margin_bottom=\u00bb60&#8243;][vc_row_inner is_fullwidth_content=\u00bbfalse\u00bb][vc_column_inner width=\u00bb1\/3&#8243;][mk_image src=\u00bbhttps:\/\/www.autopartesteca.com.ar\/wp-content\/uploads\/2020\/08\/recurso-18.png\u00bb image_size=\u00bbfull\u00bb align=\u00bbcenter\u00bb animation=\u00bbbottom-to-top\u00bb crop=\u00bbfalse\u00bb][mk_fancy_title color=\u00bb#433d60&#8243; size=\u00bb16&#8243; font_weight=\u00bbbold\u00bb letter_spacing=\u00bb1&#8243; margin_bottom=\u00bb0&#8243; font_family=\u00bbnone\u00bb align=\u00bbcenter\u00bb animation=\u00bbbottom-to-top\u00bb]INYECCI\u00d3N DE PL\u00c1STICO[\/mk_fancy_title][mk_padding_divider size=\u00bb60&#8243; visibility=\u00bbvisible-sm\u00bb][\/vc_column_inner][vc_column_inner width=\u00bb1\/3&#8243;][mk_image src=\u00bbhttps:\/\/www.autopartesteca.com.ar\/wp-content\/uploads\/2020\/08\/recurso-17.png\u00bb image_size=\u00bbfull\u00bb align=\u00bbcenter\u00bb animation=\u00bbbottom-to-top\u00bb crop=\u00bbfalse\u00bb][mk_fancy_title color=\u00bb#433d60&#8243; size=\u00bb16&#8243; font_weight=\u00bbbold\u00bb letter_spacing=\u00bb1&#8243; margin_bottom=\u00bb0&#8243; font_family=\u00bbnone\u00bb align=\u00bbcenter\u00bb animation=\u00bbbottom-to-top\u00bb]DISTRIBUIDORES EN TODO EL PA\u00cdS[\/mk_fancy_title][mk_padding_divider size=\u00bb60&#8243; visibility=\u00bbvisible-sm\u00bb][\/vc_column_inner][vc_column_inner width=\u00bb1\/3&#8243;][mk_image src=\u00bbhttps:\/\/www.autopartesteca.com.ar\/wp-content\/uploads\/2020\/08\/recurso-16-1.png\u00bb image_size=\u00bbfull\u00bb align=\u00bbcenter\u00bb animation=\u00bbbottom-to-top\u00bb crop=\u00bbfalse\u00bb][mk_fancy_title color=\u00bb#433d60&#8243; size=\u00bb16&#8243; font_weight=\u00bbbold\u00bb letter_spacing=\u00bb1&#8243; margin_bottom=\u00bb0&#8243; font_family=\u00bbnone\u00bb align=\u00bbcenter\u00bb animation=\u00bbbottom-to-top\u00bb]25 A\u00d1OS DE EXPERIENCIA[\/mk_fancy_title][\/vc_column_inner][\/vc_row_inner][mk_padding_divider size=\u00bb54&#8243;][\/vc_column][\/vc_row][vc_row][vc_column][mk_padding_divider size=\u00bb60&#8243;][\/vc_column][\/vc_row][vc_row][vc_column width=\u00bb2\/3&#8243;][mk_gallery images=\u00bb286,287,288,289,291&#8243; style=\u00bbstyle2&#8243; height=\u00bb400&#8243; overlay_color=\u00bb#433d60&#8243; item_spacing=\u00bb5&#8243;][\/vc_column][vc_column width=\u00bb1\/3&#8243;][mk_custom_box padding_vertical=\u00bb23&#8243; padding_horizental=\u00bb23&#8243; margin_bottom=\u00bb0&#8243; bg_color=\u00bb#f6f5f6&#8243;][mk_fancy_title color=\u00bb#433d60&#8243; size=\u00bb31&#8243; font_weight=\u00bb300&#8243; letter_spacing=\u00bb1&#8243; font_family=\u00bbnone\u00bb]PRODUCTOS[\/mk_fancy_title][mk_divider style=\u00bbthin_solid\u00bb divider_width=\u00bbcustom_width\u00bb custom_width=\u00bb34&#8243; align=\u00bbleft\u00bb thin_single_color=\u00bb#fda600&#8243; thickness=\u00bb4&#8243; margin_top=\u00bb0&#8243;][vc_column_text css=\u00bb.vc_custom_1612271488763{margin-bottom: 0px !important;}\u00bb]<span style=\"font-size: 13px; color: #939393;\">Inyecci\u00f3n de pl\u00e1stico de los productos de la divisi\u00f3n automotriz (tapas y rotores) y de la divisi\u00f3n agroindustria (cangilones, pala).<br \/>\nTambi\u00e9n, est\u00e1 destinado a la inyecci\u00f3n en aluminio y Zamac para la l\u00ednea de servicio pesado de enchufes, corta corrientes, acoples de aire, llave de precalentamiento.<\/span>[\/vc_column_text][mk_button dimension=\u00bbflat\u00bb url=\u00bbhttps:\/\/www.autopartesteca.com.ar\/wp-content\/uploads\/2020\/08\/catalogo.zip\u00bb margin_top=\u00bb10&#8243; margin_bottom=\u00bb0&#8243; bg_color=\u00bb#433d60&#8243; btn_hover_bg=\u00bb#fda600&#8243; btn_hover_txt_color=\u00bb#ffffff\u00bb]CAT\u00c1LOGO[\/mk_button][\/mk_custom_box][\/vc_column][\/vc_row][vc_row][vc_column][mk_padding_divider size=\u00bb60&#8243;][\/vc_column][\/vc_row]\n","protected":false},"excerpt":{"rendered":"<p>[vc_row css=\u00bb.vc_custom_1598569005094{padding-top: 140px !important;padding-bottom: 100px !important;padding-left: 5px !important;background-image: url(https:\/\/www.autopartesteca.com.ar\/wp-content\/uploads\/2020\/08\/1-portadas-1-1-scaled.jpg?id=397) !important;background-position: center !important;background-repeat: no-repeat !important;background-size: cover !important;}\u00bb][vc_column css=\u00bb.vc_custom_1448457042673{padding-right: 0px !important;padding-left: 0px !important;}\u00bb][mk_title_box color=\u00bb#ffffff\u00bb highlight_color=\u00bb#ffffff\u00bb highlight_opacity=\u00bb1&#8243; size=\u00bb60&#8243; letter_spacing=\u00bb2&#8243; font_family=\u00bbnone\u00bb] Soluciones pl\u00e1sticas integrales [\/mk_title_box][\/vc_column][\/vc_row][vc_row][vc_column][mk_padding_divider size=\u00bb25&#8243;][\/vc_column][\/vc_row][vc_row css=\u00bb.vc_custom_1448461225155{padding-right: 0px !important;padding-left: 0px !important;}\u00bb][vc_column width=\u00bb1\/3&#8243;][mk_custom_box padding_vertical=\u00bb23&#8243; padding_horizental=\u00bb23&#8243; margin_bottom=\u00bb0&#8243; bg_color=\u00bb#f6f5f6&#8243;][mk_fancy_title color=\u00bb#433d60&#8243; size=\u00bb31&#8243; font_weight=\u00bb300&#8243; letter_spacing=\u00bb1&#8243; margin_bottom=\u00bb0&#8243; font_family=\u00bbnone\u00bb align=\u00bbright\u00bb]SOBRE NOSOTROS[\/mk_fancy_title][mk_divider style=\u00bbthin_solid\u00bb divider_width=\u00bbcustom_width\u00bb custom_width=\u00bb34&#8243; align=\u00bbright\u00bb thin_single_color=\u00bb#fda600&#8243; [&hellip;]<\/p>\n","protected":false},"author":1,"featured_media":0,"parent":0,"menu_order":0,"comment_status":"closed","ping_status":"closed","template":"","meta":{"footnotes":""},"class_list":["post-6","page","type-page","status-publish","hentry"],"_links":{"self":[{"href":"https:\/\/www.autopartesteca.com.ar\/index.php\/wp-json\/wp\/v2\/pages\/6","targetHints":{"allow":["GET"]}}],"collection":[{"href":"https:\/\/www.autopartesteca.com.ar\/index.php\/wp-json\/wp\/v2\/pages"}],"about":[{"href":"https:\/\/www.autopartesteca.com.ar\/index.php\/wp-json\/wp\/v2\/types\/page"}],"author":[{"embeddable":true,"href":"https:\/\/www.autopartesteca.com.ar\/index.php\/wp-json\/wp\/v2\/users\/1"}],"replies":[{"embeddable":true,"href":"https:\/\/www.autopartesteca.com.ar\/index.php\/wp-json\/wp\/v2\/comments?post=6"}],"version-history":[{"count":19,"href":"https:\/\/www.autopartesteca.com.ar\/index.php\/wp-json\/wp\/v2\/pages\/6\/revisions"}],"predecessor-version":[{"id":478,"href":"https:\/\/www.autopartesteca.com.ar\/index.php\/wp-json\/wp\/v2\/pages\/6\/revisions\/478"}],"wp:attachment":[{"href":"https:\/\/www.autopartesteca.com.ar\/index.php\/wp-json\/wp\/v2\/media?parent=6"}],"curies":[{"name":"wp","href":"https:\/\/api.w.org\/{rel}","templated":true}]}}